{"id":16388,"date":"2024-11-15T07:40:42","date_gmt":"2024-11-15T07:40:42","guid":{"rendered":"https:\/\/adra-mena.org\/?page_id=15720"},"modified":"2025-09-15T01:49:45","modified_gmt":"2025-09-15T01:49:45","slug":"emergency","status":"publish","type":"page","link":"https:\/\/webtemplate.adra.cloud\/fr\/impact\/emergency\/","title":{"rendered":"Urgence"},"content":{"rendered":"<div data-elementor-type=\"wp-page\" data-elementor-id=\"16388\" class=\"elementor elementor-16388\" data-elementor-post-type=\"page\">\n\t\t\t\t\t\t<section data-particle_enable=\"false\" data-particle-mobile-disabled=\"false\" class=\"elementor-section elementor-top-section elementor-element elementor-element-be00489 elementor-section-full_width elementor-section-height-min-height elementor-section-height-default elementor-section-items-middle\" data-id=\"be00489\" data-element_type=\"section\" data-e-type=\"section\" data-settings=\"{&quot;background_background&quot;:&quot;classic&quot;}\">\n\t\t\t\t\t\t<div class=\"elementor-container elementor-column-gap-no\">\n\t\t\t\t\t<div class=\"elementor-column elementor-col-100 elementor-top-column elementor-element elementor-element-8e83823\" data-id=\"8e83823\" data-element_type=\"column\" data-e-type=\"column\">\n\t\t\t<div class=\"elementor-widget-wrap\">\n\t\t\t\t\t\t\t<\/div>\n\t\t<\/div>\n\t\t\t\t\t<\/div>\n\t\t<\/section>\n\t\t\t\t<section data-particle_enable=\"false\" data-particle-mobile-disabled=\"false\" class=\"elementor-section elementor-top-section elementor-element elementor-element-12cede05 elementor-section-full_width elementor-section-height-default elementor-section-height-default\" data-id=\"12cede05\" data-element_type=\"section\" data-e-type=\"section\">\n\t\t\t\t\t\t<div class=\"elementor-container elementor-column-gap-default\">\n\t\t\t\t\t<div class=\"elementor-column elementor-col-33 elementor-top-column elementor-element elementor-element-5b6e374f elementor-hidden-phone\" data-id=\"5b6e374f\" data-element_type=\"column\" data-e-type=\"column\">\n\t\t\t<div class=\"elementor-widget-wrap\">\n\t\t\t\t\t\t\t<\/div>\n\t\t<\/div>\n\t\t\t\t<div class=\"elementor-column elementor-col-33 elementor-top-column elementor-element elementor-element-2463055c\" data-id=\"2463055c\" data-element_type=\"column\" data-e-type=\"column\">\n\t\t\t<div class=\"elementor-widget-wrap elementor-element-populated\">\n\t\t\t\t\t\t<div class=\"elementor-element elementor-element-3fe275e elementor-widget elementor-widget-spacer\" data-id=\"3fe275e\" data-element_type=\"widget\" data-e-type=\"widget\" data-widget_type=\"spacer.default\">\n\t\t\t\t<div class=\"elementor-widget-container\">\n\t\t\t\t\t\t\t<div class=\"elementor-spacer\">\n\t\t\t<div class=\"elementor-spacer-inner\"><\/div>\n\t\t<\/div>\n\t\t\t\t\t\t<\/div>\n\t\t\t\t<\/div>\n\t\t\t\t<div class=\"elementor-element elementor-element-3b52eff elementor-widget elementor-widget-heading\" data-id=\"3b52eff\" data-element_type=\"widget\" data-e-type=\"widget\" data-widget_type=\"heading.default\">\n\t\t\t\t<div class=\"elementor-widget-container\">\n\t\t\t\t\t<h1 class=\"elementor-heading-title elementor-size-default\">\u00catre un intervenant en cas d'urgence<\/h1>\t\t\t\t<\/div>\n\t\t\t\t<\/div>\n\t\t\t\t\t<\/div>\n\t\t<\/div>\n\t\t\t\t<div class=\"elementor-column elementor-col-33 elementor-top-column elementor-element elementor-element-54683dc4 elementor-hidden-phone\" data-id=\"54683dc4\" data-element_type=\"column\" data-e-type=\"column\">\n\t\t\t<div class=\"elementor-widget-wrap\">\n\t\t\t\t\t\t\t<\/div>\n\t\t<\/div>\n\t\t\t\t\t<\/div>\n\t\t<\/section>\n\t\t\t\t<section data-particle_enable=\"false\" data-particle-mobile-disabled=\"false\" class=\"elementor-section elementor-top-section elementor-element elementor-element-a040a75 elementor-section-boxed elementor-section-height-default elementor-section-height-default\" data-id=\"a040a75\" data-element_type=\"section\" data-e-type=\"section\">\n\t\t\t\t\t\t<div class=\"elementor-container elementor-column-gap-default\">\n\t\t\t\t\t<div class=\"elementor-column elementor-col-100 elementor-top-column elementor-element elementor-element-f8af0f2\" data-id=\"f8af0f2\" data-element_type=\"column\" data-e-type=\"column\">\n\t\t\t<div class=\"elementor-widget-wrap elementor-element-populated\">\n\t\t\t\t\t\t<div class=\"elementor-element elementor-element-eccbfd8 elementor-widget elementor-widget-spacer\" data-id=\"eccbfd8\" data-element_type=\"widget\" data-e-type=\"widget\" data-widget_type=\"spacer.default\">\n\t\t\t\t<div class=\"elementor-widget-container\">\n\t\t\t\t\t\t\t<div class=\"elementor-spacer\">\n\t\t\t<div class=\"elementor-spacer-inner\"><\/div>\n\t\t<\/div>\n\t\t\t\t\t\t<\/div>\n\t\t\t\t<\/div>\n\t\t\t\t<div class=\"elementor-element elementor-element-71b9214 elementor-widget elementor-widget-text-editor\" data-id=\"71b9214\" data-element_type=\"widget\" data-e-type=\"widget\" data-widget_type=\"text-editor.default\">\n\t\t\t\t<div class=\"elementor-widget-container\">\n\t\t\t\t\t\t\t\t\t<p>Le soutien de donateurs comme vous signifie que les ressources urgentes sont pr\u00eates, et souvent pr\u00e9positionn\u00e9es, pour atteindre les zones dans le besoin aussi rapidement que possible par le biais du r\u00e9seau mondial d'ADRA et de ses partenaires.<\/p><p>Les fonds, le mat\u00e9riel et le personnel sont coordonn\u00e9s par les bureaux nationaux d'ADRA les plus proches de la catastrophe afin que les plans puissent \u00eatre mis en \u0153uvre imm\u00e9diatement et que les fournitures de secours appropri\u00e9es atteignent les zones les plus durement touch\u00e9es.<\/p>\t\t\t\t\t\t\t\t<\/div>\n\t\t\t\t<\/div>\n\t\t\t\t<div class=\"elementor-element elementor-element-0884890 elementor-widget elementor-widget-spacer\" data-id=\"0884890\" data-element_type=\"widget\" data-e-type=\"widget\" data-widget_type=\"spacer.default\">\n\t\t\t\t<div class=\"elementor-widget-container\">\n\t\t\t\t\t\t\t<div class=\"elementor-spacer\">\n\t\t\t<div class=\"elementor-spacer-inner\"><\/div>\n\t\t<\/div>\n\t\t\t\t\t\t<\/div>\n\t\t\t\t<\/div>\n\t\t\t\t\t<\/div>\n\t\t<\/div>\n\t\t\t\t\t<\/div>\n\t\t<\/section>\n\t\t\t\t<section data-particle_enable=\"false\" data-particle-mobile-disabled=\"false\" class=\"elementor-section elementor-top-section elementor-element elementor-element-c00e1d5 elementor-section-boxed elementor-section-height-default elementor-section-height-default\" data-id=\"c00e1d5\" data-element_type=\"section\" data-e-type=\"section\" data-settings=\"{&quot;background_background&quot;:&quot;classic&quot;}\">\n\t\t\t\t\t\t<div class=\"elementor-container elementor-column-gap-default\">\n\t\t\t\t\t<div class=\"elementor-column elementor-col-100 elementor-top-column elementor-element elementor-element-6c707e4\" data-id=\"6c707e4\" data-element_type=\"column\" data-e-type=\"column\">\n\t\t\t<div class=\"elementor-widget-wrap elementor-element-populated\">\n\t\t\t\t\t\t<div class=\"elementor-element elementor-element-a95fca3 elementor-widget elementor-widget-spacer\" data-id=\"a95fca3\" data-element_type=\"widget\" data-e-type=\"widget\" data-widget_type=\"spacer.default\">\n\t\t\t\t<div class=\"elementor-widget-container\">\n\t\t\t\t\t\t\t<div class=\"elementor-spacer\">\n\t\t\t<div class=\"elementor-spacer-inner\"><\/div>\n\t\t<\/div>\n\t\t\t\t\t\t<\/div>\n\t\t\t\t<\/div>\n\t\t\t\t<div class=\"elementor-element elementor-element-5784db7 elementor-widget elementor-widget-heading\" data-id=\"5784db7\" data-element_type=\"widget\" data-e-type=\"widget\" data-widget_type=\"heading.default\">\n\t\t\t\t<div class=\"elementor-widget-container\">\n\t\t\t\t\t<h2 class=\"elementor-heading-title elementor-size-default\">Le saviez-vous ?<\/h2>\t\t\t\t<\/div>\n\t\t\t\t<\/div>\n\t\t\t\t<div class=\"elementor-element elementor-element-81bbcdd elementor-widget elementor-widget-spacer\" data-id=\"81bbcdd\" data-element_type=\"widget\" data-e-type=\"widget\" data-widget_type=\"spacer.default\">\n\t\t\t\t<div class=\"elementor-widget-container\">\n\t\t\t\t\t\t\t<div class=\"elementor-spacer\">\n\t\t\t<div class=\"elementor-spacer-inner\"><\/div>\n\t\t<\/div>\n\t\t\t\t\t\t<\/div>\n\t\t\t\t<\/div>\n\t\t\t\t<div class=\"elementor-element elementor-element-5a17816 elementor-widget elementor-widget-text-editor\" data-id=\"5a17816\" data-element_type=\"widget\" data-e-type=\"widget\" data-widget_type=\"text-editor.default\">\n\t\t\t\t<div class=\"elementor-widget-container\">\n\t\t\t\t\t\t\t\t\t<p>Les situations d'urgence peuvent prendre diverses formes : catastrophes naturelles, guerres ou conflits, famine, etc. L'Asie est consid\u00e9r\u00e9e comme une r\u00e9gion \u00e0 haut risque, non seulement d'un point de vue g\u00e9ographique, mais aussi parce que des millions de personnes vivent d\u00e9j\u00e0 en dessous du seuil de pauvret\u00e9.<\/p><p>Voici quelques-uns des moyens mis en \u0153uvre par ADRA pour aider les personnes dans le besoin en p\u00e9riode de crise :<\/p><p>\u00a0- Les premiers besoins d'urgence distribu\u00e9s aux populations touch\u00e9es, tels que la nourriture, l'eau et les fournitures m\u00e9dicales.<\/p><p>\u00a0- Fournir des kits d'abris et d'autres outils pour la reconstruction<\/p><p>\u00a0- Am\u00e9liorer l'acc\u00e8s \u00e0 des installations WASH s\u00fbres et propres dans les camps et les communaut\u00e9s vuln\u00e9rables<\/p><p>\u00a0- Fournir une assistance en esp\u00e8ces, distribuer des transferts mon\u00e9taires inconditionnels et mettre en place des m\u00e9canismes de travail contre r\u00e9mun\u00e9ration.\u00a0<\/p><p>\u00a0- Formation en mati\u00e8re d'eau, d'assainissement et d'hygi\u00e8ne (WASH) et d'\u00e9galit\u00e9 des sexes, en particulier dans les camps et les abris temporaires<\/p><p>\u00a0- Aide aux r\u00e9fugi\u00e9s et aux personnes d\u00e9plac\u00e9es \u00e0 l'int\u00e9rieur de leur pays<\/p>\t\t\t\t\t\t\t\t<\/div>\n\t\t\t\t<\/div>\n\t\t\t\t<div class=\"elementor-element elementor-element-f8725c4 elementor-widget elementor-widget-spacer\" data-id=\"f8725c4\" data-element_type=\"widget\" data-e-type=\"widget\" data-widget_type=\"spacer.default\">\n\t\t\t\t<div class=\"elementor-widget-container\">\n\t\t\t\t\t\t\t<div class=\"elementor-spacer\">\n\t\t\t<div class=\"elementor-spacer-inner\"><\/div>\n\t\t<\/div>\n\t\t\t\t\t\t<\/div>\n\t\t\t\t<\/div>\n\t\t\t\t\t<\/div>\n\t\t<\/div>\n\t\t\t\t\t<\/div>\n\t\t<\/section>\n\t\t\t\t<section data-particle_enable=\"false\" data-particle-mobile-disabled=\"false\" class=\"elementor-section elementor-top-section elementor-element elementor-element-352d9bf elementor-section-full_width elementor-section-height-min-height elementor-section-content-top elementor-section-height-default elementor-section-items-middle\" data-id=\"352d9bf\" data-element_type=\"section\" data-e-type=\"section\" data-settings=\"{&quot;background_background&quot;:&quot;classic&quot;}\">\n\t\t\t\t\t\t<div class=\"elementor-container elementor-column-gap-no\">\n\t\t\t\t\t<div class=\"elementor-column elementor-col-100 elementor-top-column elementor-element elementor-element-7d39e62\" data-id=\"7d39e62\" data-element_type=\"column\" data-e-type=\"column\">\n\t\t\t<div class=\"elementor-widget-wrap elementor-element-populated\">\n\t\t\t\t\t\t<div class=\"elementor-element elementor-element-cf6ced0 elementor-widget__width-auto adra-border-radius elementor-widget elementor-widget-heading\" data-id=\"cf6ced0\" data-element_type=\"widget\" data-e-type=\"widget\" data-widget_type=\"heading.default\">\n\t\t\t\t<div class=\"elementor-widget-container\">\n\t\t\t\t\t<h3 class=\"elementor-heading-title elementor-size-default\">Impact mondial<\/h3>\t\t\t\t<\/div>\n\t\t\t\t<\/div>\n\t\t\t\t\t<\/div>\n\t\t<\/div>\n\t\t\t\t\t<\/div>\n\t\t<\/section>\n\t\t\t\t<section data-particle_enable=\"false\" data-particle-mobile-disabled=\"false\" class=\"elementor-section elementor-top-section elementor-element elementor-element-2f0b45b elementor-section-boxed elementor-section-height-default elementor-section-height-default\" data-id=\"2f0b45b\" data-element_type=\"section\" data-e-type=\"section\" data-settings=\"{&quot;background_background&quot;:&quot;classic&quot;}\">\n\t\t\t\t\t\t<div class=\"elementor-container elementor-column-gap-default\">\n\t\t\t\t\t<div class=\"elementor-column elementor-col-100 elementor-top-column elementor-element elementor-element-a1200f4\" data-id=\"a1200f4\" data-element_type=\"column\" data-e-type=\"column\" data-settings=\"{&quot;background_background&quot;:&quot;classic&quot;}\">\n\t\t\t<div class=\"elementor-widget-wrap elementor-element-populated\">\n\t\t\t\t\t\t<div class=\"elementor-element elementor-element-cccb2ac elementor-widget elementor-widget-spacer\" data-id=\"cccb2ac\" data-element_type=\"widget\" data-e-type=\"widget\" data-widget_type=\"spacer.default\">\n\t\t\t\t<div class=\"elementor-widget-container\">\n\t\t\t\t\t\t\t<div class=\"elementor-spacer\">\n\t\t\t<div class=\"elementor-spacer-inner\"><\/div>\n\t\t<\/div>\n\t\t\t\t\t\t<\/div>\n\t\t\t\t<\/div>\n\t\t\t\t<div class=\"elementor-element elementor-element-afaaec4 elementor-headline--style-highlight elementor-widget elementor-widget-animated-headline\" data-id=\"afaaec4\" data-element_type=\"widget\" data-e-type=\"widget\" data-settings=\"{&quot;marker&quot;:&quot;underline_zigzag&quot;,&quot;highlighted_text&quot;:&quot;1,561,654 Lives&quot;,&quot;headline_style&quot;:&quot;highlight&quot;,&quot;loop&quot;:&quot;yes&quot;,&quot;highlight_animation_duration&quot;:1200,&quot;highlight_iteration_delay&quot;:8000}\" aria-hidden=\"true\" data-widget_type=\"animated-headline.default\">\n\t\t\t\t<div class=\"elementor-widget-container\">\n\t\t\t\t\t\t\t<h3 class=\"elementor-headline\">\n\t\t\t\t<span class=\"elementor-headline-dynamic-wrapper elementor-headline-text-wrapper\">\n\t\t\t\t\t<span class=\"elementor-headline-dynamic-text elementor-headline-text-active\">1 561 654 Vies<\/span>\n\t\t\t\t<\/span>\n\t\t\t\t<\/h3>\n\t\t\t\t\t\t<\/div>\n\t\t\t\t<\/div>\n\t\t\t\t<div class=\"elementor-element elementor-element-a0b8f8f elementor-widget elementor-widget-spacer\" data-id=\"a0b8f8f\" data-element_type=\"widget\" data-e-type=\"widget\" data-widget_type=\"spacer.default\">\n\t\t\t\t<div class=\"elementor-widget-container\">\n\t\t\t\t\t\t\t<div class=\"elementor-spacer\">\n\t\t\t<div class=\"elementor-spacer-inner\"><\/div>\n\t\t<\/div>\n\t\t\t\t\t\t<\/div>\n\t\t\t\t<\/div>\n\t\t\t\t<div class=\"elementor-element elementor-element-57e13cb elementor-widget elementor-widget-text-editor\" data-id=\"57e13cb\" data-element_type=\"widget\" data-e-type=\"widget\" data-widget_type=\"text-editor.default\">\n\t\t\t\t<div class=\"elementor-widget-container\">\n\t\t\t\t\t\t\t\t\t<p>En 2023, ADRA a eu un impact sur plus de 1 561 654 vies et a soutenu plus de 132 projets d'intervention d'urgence et de pr\u00e9paration dans le monde entier.\u00a0<\/p>\t\t\t\t\t\t\t\t<\/div>\n\t\t\t\t<\/div>\n\t\t\t\t<div class=\"elementor-element elementor-element-fb941d9 elementor-widget elementor-widget-spacer\" data-id=\"fb941d9\" data-element_type=\"widget\" data-e-type=\"widget\" data-widget_type=\"spacer.default\">\n\t\t\t\t<div class=\"elementor-widget-container\">\n\t\t\t\t\t\t\t<div class=\"elementor-spacer\">\n\t\t\t<div class=\"elementor-spacer-inner\"><\/div>\n\t\t<\/div>\n\t\t\t\t\t\t<\/div>\n\t\t\t\t<\/div>\n\t\t\t\t\t<\/div>\n\t\t<\/div>\n\t\t\t\t\t<\/div>\n\t\t<\/section>\n\t\t\t\t<section data-particle_enable=\"false\" data-particle-mobile-disabled=\"false\" class=\"elementor-section elementor-top-section elementor-element elementor-element-1602a6e elementor-section-boxed elementor-section-height-default elementor-section-height-default\" data-id=\"1602a6e\" data-element_type=\"section\" data-e-type=\"section\" data-settings=\"{&quot;background_background&quot;:&quot;classic&quot;}\">\n\t\t\t\t\t\t<div class=\"elementor-container elementor-column-gap-default\">\n\t\t\t\t\t<div class=\"elementor-column elementor-col-50 elementor-top-column elementor-element elementor-element-f3f4bc1\" data-id=\"f3f4bc1\" data-element_type=\"column\" data-e-type=\"column\">\n\t\t\t<div class=\"elementor-widget-wrap elementor-element-populated\">\n\t\t\t\t\t\t<div class=\"elementor-element elementor-element-6be0ad4 elementor-widget elementor-widget-spacer\" data-id=\"6be0ad4\" data-element_type=\"widget\" data-e-type=\"widget\" data-widget_type=\"spacer.default\">\n\t\t\t\t<div class=\"elementor-widget-container\">\n\t\t\t\t\t\t\t<div class=\"elementor-spacer\">\n\t\t\t<div class=\"elementor-spacer-inner\"><\/div>\n\t\t<\/div>\n\t\t\t\t\t\t<\/div>\n\t\t\t\t<\/div>\n\t\t\t\t<div class=\"elementor-element elementor-element-3725648 elementor-widget elementor-widget-heading\" data-id=\"3725648\" data-element_type=\"widget\" data-e-type=\"widget\" data-widget_type=\"heading.default\">\n\t\t\t\t<div class=\"elementor-widget-container\">\n\t\t\t\t\t<h2 class=\"elementor-heading-title elementor-size-default\">Derni\u00e8res nouvelles<\/h2>\t\t\t\t<\/div>\n\t\t\t\t<\/div>\n\t\t\t\t<div class=\"elementor-element elementor-element-73d2c3d elementor-widget-divider--view-line elementor-widget elementor-widget-divider\" data-id=\"73d2c3d\" data-element_type=\"widget\" data-e-type=\"widget\" data-widget_type=\"divider.default\">\n\t\t\t\t<div class=\"elementor-widget-container\">\n\t\t\t\t\t\t\t<div class=\"elementor-divider\">\n\t\t\t<span class=\"elementor-divider-separator\">\n\t\t\t\t\t\t<\/span>\n\t\t<\/div>\n\t\t\t\t\t\t<\/div>\n\t\t\t\t<\/div>\n\t\t\t\t<div class=\"elementor-element elementor-element-f53c4be ee-grid-columns-1 ee-posts-thumbnail-ratio ee-grid-columns-tablet-1 ee-grid-columns-mobile-1 ee-grid-align--stretch ee-grid-halign--left ee-posts-align-top ee-posts-avatar-position-left elementor-widget elementor-widget-posts-extra\" data-id=\"f53c4be\" data-element_type=\"widget\" data-e-type=\"widget\" data-settings=\"{&quot;columns&quot;:&quot;1&quot;,&quot;columns_tablet&quot;:&quot;1&quot;,&quot;columns_mobile&quot;:&quot;1&quot;,&quot;classic_grid_columns_spacing&quot;:{&quot;unit&quot;:&quot;px&quot;,&quot;size&quot;:24,&quot;sizes&quot;:[]},&quot;classic_grid_columns_spacing_tablet&quot;:{&quot;unit&quot;:&quot;px&quot;,&quot;size&quot;:12,&quot;sizes&quot;:[]},&quot;classic_grid_columns_spacing_mobile&quot;:{&quot;unit&quot;:&quot;px&quot;,&quot;size&quot;:0,&quot;sizes&quot;:[]}}\" data-widget_type=\"posts-extra.classic\">\n\t\t\t\t<div class=\"elementor-widget-container\">\n\t\t\t\t\t<div class=\"ee-grid ee-loop ee-grid--default\"><div class=\"ee-grid__item--sizer\"><\/div><div class=\"ee-grid__item ee-loop__item\"><article class=\"ee-post post-15865 post type-post status-publish format-standard has-post-thumbnail hentry category-education category-emergency category-health category-livelihoods\"><a class=\"ee-media ee-post__media\" href=\"https:\/\/webtemplate.adra.cloud\/fr\/sample-post-3\/\"><div class=\"ee-post__media__thumbnail ee-media__thumbnail\"><img fetchpriority=\"high\" decoding=\"async\" width=\"800\" height=\"534\" src=\"https:\/\/webtemplate.adra.cloud\/wp-content\/uploads\/2025\/04\/placeholder-1024x683.png\" class=\"attachment-large size-large wp-image-15533\" alt=\"Placeholder Image\" srcset=\"https:\/\/webtemplate.adra.cloud\/wp-content\/uploads\/2025\/04\/placeholder-1024x683.png 1024w, https:\/\/webtemplate.adra.cloud\/wp-content\/uploads\/2025\/04\/placeholder-300x200.png 300w, https:\/\/webtemplate.adra.cloud\/wp-content\/uploads\/2025\/04\/placeholder-768x512.png 768w, https:\/\/webtemplate.adra.cloud\/wp-content\/uploads\/2025\/04\/placeholder-18x12.png 18w, https:\/\/webtemplate.adra.cloud\/wp-content\/uploads\/2025\/04\/placeholder.png 1200w\" sizes=\"(max-width: 800px) 100vw, 800px\" \/><\/div><div class=\"ee-post__media__overlay ee-media__overlay\"><\/div><\/a><!-- .ee-post__media --><div class=\"ee-post__body ee-post__area\">\t\t<ul class=\"ee-post__terms\">\n\n\t\t\t\n\t\t\t\n\t\t\t\t<li class=\"ee-post__terms__term ee-term ee-term--education\">\n\t\t\t\t\t<span class=\"ee-post__terms__link ee-term__link\">\n\t\t\t\t\t\tL'\u00e9ducation\t\t\t\t\t<\/span><span class=\"ee-post__terms__separator\">|<\/span>\t\t\t\t<\/li>\n\n\t\t\t\n\t\t\t\t<li class=\"ee-post__terms__term ee-term ee-term--emergency\">\n\t\t\t\t\t<span class=\"ee-post__terms__link ee-term__link\">\n\t\t\t\t\t\tUrgence\t\t\t\t\t<\/span><span class=\"ee-post__terms__separator\">|<\/span>\t\t\t\t<\/li>\n\n\t\t\t\t\t<\/ul>\n\t\t<a href=\"https:\/\/webtemplate.adra.cloud\/fr\/sample-post-3\/\" class=\"ee-post__title\">\n\t\t\t<h2 class=\"ee-post__title__heading\">Exemple de poste 3<\/h2>\n\t\t<\/a><\/div><!-- .ee-post__body --><div class=\"ee-post__footer ee-post__area\"><div class=\"ee-post__read-more\">\n\t\t\t<a class=\"ee-post__button\" href=\"https:\/\/webtemplate.adra.cloud\/fr\/sample-post-3\/\">\n\t\t\t\tLire la suite\t\t\t<\/a>\n\t\t<\/div><\/div><!-- .ee-post__footer --><\/article><!-- .ee-post --><\/div><!-- .ee-loop__item --><\/div><!-- .ee-loop -->\t\t\t\t<\/div>\n\t\t\t\t<\/div>\n\t\t\t\t<div class=\"elementor-element elementor-element-5fdea0b elementor-widget elementor-widget-spacer\" data-id=\"5fdea0b\" data-element_type=\"widget\" data-e-type=\"widget\" data-widget_type=\"spacer.default\">\n\t\t\t\t<div class=\"elementor-widget-container\">\n\t\t\t\t\t\t\t<div class=\"elementor-spacer\">\n\t\t\t<div class=\"elementor-spacer-inner\"><\/div>\n\t\t<\/div>\n\t\t\t\t\t\t<\/div>\n\t\t\t\t<\/div>\n\t\t\t\t\t<\/div>\n\t\t<\/div>\n\t\t\t\t<div class=\"elementor-column elementor-col-50 elementor-top-column elementor-element elementor-element-7f4518f\" data-id=\"7f4518f\" data-element_type=\"column\" data-e-type=\"column\">\n\t\t\t<div class=\"elementor-widget-wrap elementor-element-populated\">\n\t\t\t\t\t\t<div class=\"elementor-element elementor-element-4db7fd4 elementor-widget elementor-widget-spacer\" data-id=\"4db7fd4\" data-element_type=\"widget\" data-e-type=\"widget\" data-widget_type=\"spacer.default\">\n\t\t\t\t<div class=\"elementor-widget-container\">\n\t\t\t\t\t\t\t<div class=\"elementor-spacer\">\n\t\t\t<div class=\"elementor-spacer-inner\"><\/div>\n\t\t<\/div>\n\t\t\t\t\t\t<\/div>\n\t\t\t\t<\/div>\n\t\t\t\t<div class=\"elementor-element elementor-element-5d1fb1b elementor-widget elementor-widget-heading\" data-id=\"5d1fb1b\" data-element_type=\"widget\" data-e-type=\"widget\" data-widget_type=\"heading.default\">\n\t\t\t\t<div class=\"elementor-widget-container\">\n\t\t\t\t\t<h2 class=\"elementor-heading-title elementor-size-default\">Galerie<\/h2>\t\t\t\t<\/div>\n\t\t\t\t<\/div>\n\t\t\t\t<div class=\"elementor-element elementor-element-603e896 elementor-widget-divider--view-line elementor-widget elementor-widget-divider\" data-id=\"603e896\" data-element_type=\"widget\" data-e-type=\"widget\" data-widget_type=\"divider.default\">\n\t\t\t\t<div class=\"elementor-widget-container\">\n\t\t\t\t\t\t\t<div class=\"elementor-divider\">\n\t\t\t<span class=\"elementor-divider-separator\">\n\t\t\t\t\t\t<\/span>\n\t\t<\/div>\n\t\t\t\t\t\t<\/div>\n\t\t\t\t<\/div>\n\t\t\t\t<div class=\"elementor-element elementor-element-5c1489b elementor-arrows-position-inside elementor-widget elementor-widget-image-carousel\" data-id=\"5c1489b\" data-element_type=\"widget\" data-e-type=\"widget\" data-settings=\"{&quot;slides_to_show&quot;:&quot;1&quot;,&quot;navigation&quot;:&quot;arrows&quot;,&quot;autoplay&quot;:&quot;yes&quot;,&quot;pause_on_hover&quot;:&quot;yes&quot;,&quot;pause_on_interaction&quot;:&quot;yes&quot;,&quot;autoplay_speed&quot;:5000,&quot;infinite&quot;:&quot;yes&quot;,&quot;effect&quot;:&quot;slide&quot;,&quot;speed&quot;:500}\" data-widget_type=\"image-carousel.default\">\n\t\t\t\t<div class=\"elementor-widget-container\">\n\t\t\t\t\t\t\t<div class=\"elementor-image-carousel-wrapper swiper\" role=\"region\" aria-roledescription=\"carousel\" aria-label=\"Carrousel d&#039;images\" dir=\"ltr\">\n\t\t\t<div class=\"elementor-image-carousel swiper-wrapper\" aria-live=\"off\">\n\t\t\t\t\t\t\t\t<div class=\"swiper-slide\" role=\"group\" aria-roledescription=\"slide\" aria-label=\"1 de 2\"><figure class=\"swiper-slide-inner\"><img decoding=\"async\" class=\"swiper-slide-image\" src=\"https:\/\/webtemplate.adra.cloud\/wp-content\/uploads\/2025\/04\/placeholder-1024x683.png\" alt=\"Placeholder Image\" \/><\/figure><\/div><div class=\"swiper-slide\" role=\"group\" aria-roledescription=\"slide\" aria-label=\"2 de 2\"><figure class=\"swiper-slide-inner\"><img decoding=\"async\" class=\"swiper-slide-image\" src=\"https:\/\/webtemplate.adra.cloud\/wp-content\/uploads\/2019\/11\/world-map-1024x512.png\" alt=\"World Map\" \/><\/figure><\/div>\t\t\t<\/div>\n\t\t\t\t\t\t\t\t\t\t\t\t<div class=\"elementor-swiper-button elementor-swiper-button-prev\" role=\"button\" tabindex=\"0\">\n\t\t\t\t\t\t<i aria-hidden=\"true\" class=\"eicon-chevron-left\"><\/i>\t\t\t\t\t<\/div>\n\t\t\t\t\t<div class=\"elementor-swiper-button elementor-swiper-button-next\" role=\"button\" tabindex=\"0\">\n\t\t\t\t\t\t<i aria-hidden=\"true\" class=\"eicon-chevron-right\"><\/i>\t\t\t\t\t<\/div>\n\t\t\t\t\n\t\t\t\t\t\t\t\t\t<\/div>\n\t\t\t\t\t\t<\/div>\n\t\t\t\t<\/div>\n\t\t\t\t<div class=\"elementor-element elementor-element-3ff19d5 elementor-widget elementor-widget-spacer\" data-id=\"3ff19d5\" data-element_type=\"widget\" data-e-type=\"widget\" data-widget_type=\"spacer.default\">\n\t\t\t\t<div class=\"elementor-widget-container\">\n\t\t\t\t\t\t\t<div class=\"elementor-spacer\">\n\t\t\t<div class=\"elementor-spacer-inner\"><\/div>\n\t\t<\/div>\n\t\t\t\t\t\t<\/div>\n\t\t\t\t<\/div>\n\t\t\t\t\t<\/div>\n\t\t<\/div>\n\t\t\t\t\t<\/div>\n\t\t<\/section>\n\t\t\t\t<\/div>","protected":false},"excerpt":{"rendered":"<p>Being an emergency responder Support from donors like you means that urgent resources are ready, and often prepositioned, to reach areas in need as quickly as possible through ADRA\u2019s global network and partners. Funds, materials, and personnel are coordinated through ADRA\u2019s country offices nearest to the disaster so plans can be put into action immediately [&hellip;]<\/p>\n","protected":false},"author":1,"featured_media":15726,"parent":16401,"menu_order":4,"comment_status":"closed","ping_status":"closed","template":"","meta":{"_acf_changed":false,"footnotes":""},"class_list":["post-16388","page","type-page","status-publish","has-post-thumbnail","hentry"],"acf":[],"_links":{"self":[{"href":"https:\/\/webtemplate.adra.cloud\/fr\/wp-json\/wp\/v2\/pages\/16388","targetHints":{"allow":["GET"]}}],"collection":[{"href":"https:\/\/webtemplate.adra.cloud\/fr\/wp-json\/wp\/v2\/pages"}],"about":[{"href":"https:\/\/webtemplate.adra.cloud\/fr\/wp-json\/wp\/v2\/types\/page"}],"author":[{"embeddable":true,"href":"https:\/\/webtemplate.adra.cloud\/fr\/wp-json\/wp\/v2\/users\/1"}],"replies":[{"embeddable":true,"href":"https:\/\/webtemplate.adra.cloud\/fr\/wp-json\/wp\/v2\/comments?post=16388"}],"version-history":[{"count":25,"href":"https:\/\/webtemplate.adra.cloud\/fr\/wp-json\/wp\/v2\/pages\/16388\/revisions"}],"predecessor-version":[{"id":17300,"href":"https:\/\/webtemplate.adra.cloud\/fr\/wp-json\/wp\/v2\/pages\/16388\/revisions\/17300"}],"up":[{"embeddable":true,"href":"https:\/\/webtemplate.adra.cloud\/fr\/wp-json\/wp\/v2\/pages\/16401"}],"wp:featuredmedia":[{"embeddable":true,"href":"https:\/\/webtemplate.adra.cloud\/fr\/wp-json\/"}],"wp:attachment":[{"href":"https:\/\/webtemplate.adra.cloud\/fr\/wp-json\/wp\/v2\/media?parent=16388"}],"curies":[{"name":"wp","href":"https:\/\/api.w.org\/{rel}","templated":true}]}}